{"id":7759,"date":"2026-03-16T09:26:14","date_gmt":"2026-03-16T08:26:14","guid":{"rendered":"https:\/\/www.camping-lerompval.com\/faq-camping\/"},"modified":"2026-03-20T15:26:05","modified_gmt":"2026-03-20T14:26:05","slug":"haufig-gestellte-fragen-zum-campingplatz","status":"publish","type":"page","link":"https:\/\/www.camping-lerompval.com\/de\/haufig-gestellte-fragen-zum-campingplatz\/","title":{"rendered":"FAQ"},"content":{"rendered":"\n<div class=\"wp-block-group section-faq has-custom-color-3-background-color has-background is-layout-flow wp-block-group-is-layout-flow\" style=\"margin-top:0px;margin-bottom:0px;padding-top:4rem;padding-right:15rem;padding-bottom:8rem;padding-left:15rem\">\n<div class=\"wp-block-group texte-deco has-global-padding is-layout-constrained wp-block-group-is-layout-constrained\">\n<h1 class=\"wp-block-heading has-text-align-center has-custom-color-1-color has-text-color has-link-color wp-elements-53f725f52054852ca37d2b983d3d548d\">FAQ Camping Le Rompval: Antworten auf Ihre Fragen<\/h1>\n<\/div>\n\n\n\n<div class=\"wp-block-columns is-layout-flex wp-container-core-columns-is-layout-787fd85b wp-block-columns-is-layout-flex\" style=\"margin-top:4rem\">\n<div class=\"wp-block-column is-layout-flow wp-block-column-is-layout-flow\"><details style=\"--faq-color:#ffffff;\" class=\"gt-fse-faq wp-block-gt-gt-fse-faq\" data-wp-interactive=\"gt-fse-faq\" data-wp-context='{\"isOpen\": false}'>\n\t<summary aria-expanded=\"false\" class=\"gt-fse-faq-summary\" data-wp-on--click=\"actions.toggle\" data-wp-bind--aria-expanded=\"context.isOpen\">\n\t\t<div class=\"gt-fse-faq-summary-text\"><strong>Wie kann ich einen Aufenthalt reservieren?<\/strong><\/div>\t\t<span class=\"gt-fse-faq-opener\"><\/span>\n\t<\/summary>\n\t<div class=\"gt-fse-faq-content\">\n\t\t\n\n<p><strong>1.1 Auf www.camping-lerompval.com<\/strong><br\/>\u00dcber die blaue Suchleiste k\u00f6nnen Sie die Verf\u00fcgbarkeit und die Preise \u00fcberpr\u00fcfen:<\/p>\n\n\n\n<ul class=\"wp-block-list\">\n<li>W\u00e4hlen Sie die gew\u00fcnschte Anzahl von Personen<\/li>\n\n\n\n<li>W\u00e4hlen Sie zwischen &#8222;Vermietung&#8220; und &#8222;Stellplatz&#8220;.<\/li>\n\n\n\n<li>W\u00e4hlen Sie Ihr Ankunfts- und Abreisedatum aus<\/li>\n<\/ul>\n\n\n\n<p>Fahren Sie mit Ihrer Reservierung fort, indem Sie auf die Schaltfl\u00e4che &#8222;GO&#8220; klicken. Die Reservierung erfolgt in 4 Schritten: <\/p>\n\n\n\n<ul class=\"wp-block-list\">\n<li>Schritt 1: W\u00e4hlen Sie Ihre Optionen aus den angebotenen Optionen, dann die Reiser\u00fccktritts- und Unterbrechungsversicherung (lesen Sie die Bedingungen des jeweiligen Campingplatzes) und nehmen Sie die Allgemeinen Gesch\u00e4ftsbedingungen zur Kenntnis (die Bedingungen des jeweiligen Campingplatzes).<\/li>\n\n\n\n<li>Schritt 2: Geben Sie dann Ihre pers\u00f6nlichen Daten und die Daten Ihrer Begleitpersonen ein. Wenn Sie eine bestimmte Pr\u00e4ferenz f\u00fcr Ihren Aufenthalt angeben m\u00f6chten, k\u00f6nnen Sie dies im Feld &#8222;Ihre Kommentare&#8220; tun. <\/li>\n\n\n\n<li>Schritt 3: Sie erhalten eine Zusammenfassung Ihrer Reservierung. Sie k\u00f6nnen verschiedene Zahlungsmethoden w\u00e4hlen, die je nach Campingplatz unterschiedlich sind (Bankkarte, Bank\u00fcberweisung, Scheck, Urlaubsscheck). <\/li>\n\n\n\n<li>Schritt 4: Wenn Sie die sichere Online-Zahlung per Kreditkarte w\u00e4hlen, werden Sie aufgefordert, Ihre Bankdaten einzugeben, und erhalten dann per E-Mail eine Best\u00e4tigung Ihrer Reservierung.<\/li>\n<\/ul>\n\n\n\n<p>Bei allen anderen Zahlungsmethoden handelt es sich um Vorreservierungen beim Campingplatz. Um Ihre Reservierung beim Campingplatz zu best\u00e4tigen, m\u00fcssen Sie Ihre Anzahlung \u00fcber die vereinbarte Zahlungsmethode begleichen. <\/p>\n\n\n\n<p><strong>1.2 Direkter Kontakt mit dem Campingplatz<\/strong><br\/>Wenn Sie Hilfe ben\u00f6tigen oder eine besondere Anfrage haben (Gruppenreservierung, Wahl des Stellplatzes nach Verf\u00fcgbarkeit,&#8230;), wenden Sie sich bitte direkt per E-Mail oder Telefon an den Campingplatz (siehe die Angaben in der Box oben rechts auf der Seite des Campingplatzes&#8230;). Das Team des Campingplatzes steht Ihnen gerne zur Verf\u00fcgung und freut sich, Ihre Fragen zu beantworten. <\/p>\n\n\t<\/div>\n<\/details>\n\n\n\n<details style=\"--faq-color:#ffffff;\" class=\"gt-fse-faq wp-block-gt-gt-fse-faq\" data-wp-interactive=\"gt-fse-faq\" data-wp-context='{\"isOpen\": false}'>\n\t<summary aria-expanded=\"false\" class=\"gt-fse-faq-summary\" data-wp-on--click=\"actions.toggle\" data-wp-bind--aria-expanded=\"context.isOpen\">\n\t\t<div class=\"gt-fse-faq-summary-text\"><strong>Wie bezahlen Sie Ihren Aufenthalt?<\/strong><\/div>\t\t<span class=\"gt-fse-faq-opener\"><\/span>\n\t<\/summary>\n\t<div class=\"gt-fse-faq-content\">\n\t\t\n\n<p>F\u00fcr die Anzahlung und den Restbetrag k\u00f6nnen Sie Ihre Reservierung oder Ihren Aufenthalt mit folgenden Zahlungsmethoden bezahlen: Kreditkarte, Bankscheck, Urlaubsscheck, Postanweisung, Bargeld, nationale oder internationale Bank\u00fcberweisung (vom Campingplatz bei der Reservierung angeboten oder nicht).<br\/>Alle Flower-Campingpl\u00e4tze akzeptieren Urlaubsschecks zur Bezahlung Ihres Aufenthalts (Bitte bei der Reservierung angeben)&#8230;<br\/>Die Campingpl\u00e4tze des Flower-Netzwerks sind unabh\u00e4ngige Einrichtungen. Die Allgemeinen Gesch\u00e4ftsbedingungen gelten f\u00fcr jeden Campingplatz und k\u00f6nnen bei der Buchung gelesen werden.<br\/>Auf allen Flower-Campingpl\u00e4tzen m\u00fcssen Sie bei einer verbindlichen Reservierung mindestens : <\/p>\n\n\n\n<ul class=\"wp-block-list\">\n<li>Anzahlung in H\u00f6he von 25% der Aufenthaltskosten<\/li>\n\n\n\n<li>Gegebenenfalls eine Bearbeitungsgeb\u00fchr, deren H\u00f6he vom Campingplatz festgelegt wird.<\/li>\n\n\n\n<li>Beitrag f\u00fcr die Reiser\u00fccktrittsversicherung (kann nur zum Zeitpunkt der Reservierung abgeschlossen werden)<\/li>\n\n\n\n<li>Der Restbetrag f\u00fcr den Aufenthalt ist sp\u00e4testens 30 Tage vor Beginn des Aufenthalts zu zahlen. Bei einer Reservierung, die weniger als 30 Tage vor dem Abreisedatum erfolgt, ist der gesamte Betrag bei der Reservierung zu zahlen. <\/li>\n<\/ul>\n\n\t<\/div>\n<\/details>\n\n<\/div>\n\n\n\n<div class=\"wp-block-column is-layout-flow wp-block-column-is-layout-flow\"><details style=\"--faq-color:#ffffff;\" class=\"gt-fse-faq wp-block-gt-gt-fse-faq\" data-wp-interactive=\"gt-fse-faq\" data-wp-context='{\"isOpen\": false}'>\n\t<summary aria-expanded=\"false\" class=\"gt-fse-faq-summary\" data-wp-on--click=\"actions.toggle\" data-wp-bind--aria-expanded=\"context.isOpen\">\n\t\t<div class=\"gt-fse-faq-summary-text\"><strong>Wie kann ich meine Reservierung verfolgen oder \u00e4ndern?<\/strong><\/div>\t\t<span class=\"gt-fse-faq-opener\"><\/span>\n\t<\/summary>\n\t<div class=\"gt-fse-faq-content\">\n\t\t\n\n<p><strong>3.1 Verfolgen Sie Ihren Aufenthalt<\/strong><br\/>Unabh\u00e4ngig von der Art Ihrer Reservierung sollten Sie Ihre Buchungsbest\u00e4tigung, die Ihnen vom Campingplatz \u00fcber Ihre E-Mail-Adresse zugesandt wird, zur Kenntnis nehmen und aufbewahren. Wenn Sie Probleme mit der E-Mail haben, wenden Sie sich bitte an den Campingplatz, um eine Zusammenfassung Ihres Aufenthalts anzufordern. <\/p>\n\n\n\n<p><strong>3.2 \u00c4nderung und Stornierung von Aufent<\/strong>halten<br\/>Wenn Sie Ihren Aufenthalt \u00e4ndern oder stornieren m\u00f6chten, wenden Sie sich bitte an den Campingplatz Le Rompval (es k\u00f6nnen Verwaltungsgeb\u00fchren anfallen). Wenn Sie eine Reiser\u00fccktrittsversicherung abgeschlossen haben, werden die Stornierungsmodalit\u00e4ten direkt vom Campingplatz bearbeitet. <\/p>\n\n\t<\/div>\n<\/details>\n\n\n\n<details style=\"--faq-color:#ffffff;\" class=\"gt-fse-faq wp-block-gt-gt-fse-faq\" data-wp-interactive=\"gt-fse-faq\" data-wp-context='{\"isOpen\": false}'>\n\t<summary aria-expanded=\"false\" class=\"gt-fse-faq-summary\" data-wp-on--click=\"actions.toggle\" data-wp-bind--aria-expanded=\"context.isOpen\">\n\t\t<div class=\"gt-fse-faq-summary-text\"><strong>Wie kann ich meinen Aufenthalt auf einem Campingplatz Flower bewerten?<\/strong><\/div>\t\t<span class=\"gt-fse-faq-opener\"><\/span>\n\t<\/summary>\n\t<div class=\"gt-fse-faq-content\">\n\t\t\n\n<p>Wenn Sie Ihren Aufenthalt auf www.camping-lerompval.com reserviert haben, erhalten Sie einige Tage nach Ihrer R\u00fcckkehr aus dem Urlaub eine E-Mail, in der Sie aufgefordert werden, einen Online-Fragebogen auszuf\u00fcllen, um die Einrichtung, in der Sie \u00fcbernachtet haben, zu bewerten.<\/p>\n\n\n\n<p>Wenn Sie diese E-Mail nicht erhalten und Ihre Meinung \u00e4u\u00dfern m\u00f6chten, k\u00f6nnen Sie dies beim Campingplatz, auf dem Sie gewohnt haben, beantragen, um den Online-Fragebogen per E-Mail zu erhalten, den Sie ausf\u00fcllen m\u00fcssen.<\/p>\n\n\t<\/div>\n<\/details>\n\n<\/div>\n<\/div>\n<\/div>\n\n<div class=\"wp-block-group section-maillage has-custom-color-3-background-color has-background has-global-padding is-layout-constrained wp-container-core-group-is-layout-59664eec wp-block-group-is-layout-constrained\" style=\"margin-top:0px;margin-bottom:0px;padding-top:0rem;padding-right:15rem;padding-bottom:8rem;padding-left:15rem\">\n<div class=\"wp-block-group texte-deco is-layout-flow wp-block-group-is-layout-flow\">\n<p class=\"has-text-align-center has-custom-color-1-color has-text-color has-link-color has-unbounded-font-family wp-elements-e951b85560492fb3e3e45aa849a86fe2\" style=\"font-size:clamp(1.976rem, 1.976rem + ((1vw - 0.2rem) * 2.54), 3.5rem);font-style:normal;font-weight:700;line-height:1\">Entdecken Sie<\/p>\n\n\n\n<p class=\"has-text-align-center has-custom-color-1-color has-text-color has-link-color has-caveat-font-family wp-elements-6851a97348745e5975d3c068cdb1437e\" style=\"margin-top:0px;margin-bottom:0px;font-size:clamp(2.758rem, 2.758rem + ((1vw - 0.2rem) * 4.253), 5.31rem);font-style:normal;font-weight:500;line-height:0.7\">unsere Stellpl\u00e4tze, Mietunterk\u00fcnfte und Dienstleistungen<\/p>\n<\/div>\n\n\n\n<div data-wp-context=\"{}\" data-wp-interactive=\"core\/query\" data-wp-key=\"0\" data-wp-router-region=\"query-0\" class=\"wp-block-query alignwide gt-fse-maillage-query is-layout-flow wp-block-query-is-layout-flow\"><ul class=\"columns-3 wp-block-post-template is-layout-grid wp-container-core-post-template-is-layout-6d3fbd8f wp-block-post-template-is-layout-grid\"><li data-wp-key=\"post-template-item-7909\" class=\"wp-block-post post-7909 page type-page status-publish has-post-thumbnail hentry\">\n<a href=\"https:\/\/www.camping-lerompval.com\/de\/vermietung-stellplatz-mers-les-bains\/\"    class=\"wp-block-tiptip-hyperlink-group-block\" >\n<figure class=\"wp-block-image size-full is-resized\"><img decoding=\"async\" width=\"367\" height=\"318\" src=\"https:\/\/www.camping-lerompval.com\/wp-content\/uploads\/2025\/12\/grosse-fleur-jaune.svg\" alt=\"gro&#xDF;e gelbe Blume\" class=\"wp-image-143\" style=\"object-fit:contain;width:50px;height:50px\"\/><\/figure>\n\n<figure class=\"wp-block-image has-custom-border gt-maillage__image\"><img decoding=\"async\" src=\"https:\/\/www.camping-lerompval.com\/wp-content\/uploads\/2026\/03\/location-emplacement-camping-mers-les-bains.jpg\" alt=\"vermietung von stellpl\u00e4tzen auf dem campingplatz mers les bains\" style=\"border-style:none;border-width:0px;border-top-left-radius:10px;border-top-right-radius:10px;border-bottom-left-radius:10px;border-bottom-right-radius:10px\"\/><\/figure>\n\n<p class=\"has-text-align-center has-custom-color-1-color has-text-color has-link-color has-unbounded-font-family wp-elements-6527d65a79d544105f2c7aa114e49b0c\" style=\"font-size:clamp(1.25rem, 1.25rem + ((1vw - 0.2rem) * 1.25), 2rem);line-height:1.1\">Pl\u00e4tze<\/p>\n<\/a>\n<\/li><li data-wp-key=\"post-template-item-7964\" class=\"wp-block-post post-7964 page type-page status-publish has-post-thumbnail hentry\">\n<a href=\"https:\/\/www.camping-lerompval.com\/de\/vermietung-von-mobilheimen-in-mers-les-bains\/\"    class=\"wp-block-tiptip-hyperlink-group-block\" >\n<figure class=\"wp-block-image size-full is-resized\"><img decoding=\"async\" width=\"367\" height=\"318\" src=\"https:\/\/www.camping-lerompval.com\/wp-content\/uploads\/2025\/12\/grosse-fleur-jaune.svg\" alt=\"gro&#xDF;e gelbe Blume\" class=\"wp-image-143\" style=\"object-fit:contain;width:50px;height:50px\"\/><\/figure>\n\n<figure class=\"wp-block-image has-custom-border gt-maillage__image\"><img decoding=\"async\" src=\"https:\/\/www.camping-lerompval.com\/wp-content\/uploads\/2026\/03\/location-mh-mers-les-bains.jpg\" alt=\"vermietung mh mers les bains\" style=\"border-style:none;border-width:0px;border-top-left-radius:10px;border-top-right-radius:10px;border-bottom-left-radius:10px;border-bottom-right-radius:10px\"\/><\/figure>\n\n<p class=\"has-text-align-center has-custom-color-1-color has-text-color has-link-color has-unbounded-font-family wp-elements-6527d65a79d544105f2c7aa114e49b0c\" style=\"font-size:clamp(1.25rem, 1.25rem + ((1vw - 0.2rem) * 1.25), 2rem);line-height:1.1\">Mietwohnungen<\/p>\n<\/a>\n<\/li><li data-wp-key=\"post-template-item-7928\" class=\"wp-block-post post-7928 page type-page status-publish has-post-thumbnail hentry category-fruhbucher\">\n<a href=\"https:\/\/www.camping-lerompval.com\/de\/gunstiger-campingplatz-in-mers-les-bains\/\"    class=\"wp-block-tiptip-hyperlink-group-block\" >\n<figure class=\"wp-block-image size-full is-resized\"><img decoding=\"async\" width=\"367\" height=\"318\" src=\"https:\/\/www.camping-lerompval.com\/wp-content\/uploads\/2025\/12\/grosse-fleur-jaune.svg\" alt=\"gro&#xDF;e gelbe Blume\" class=\"wp-image-143\" style=\"object-fit:contain;width:50px;height:50px\"\/><\/figure>\n\n<figure class=\"wp-block-image has-custom-border gt-maillage__image\"><img decoding=\"async\" src=\"https:\/\/www.camping-lerompval.com\/wp-content\/uploads\/2026\/03\/camping-pas-cher-picardie.jpg\" alt=\"g\u00fcnstiger campingplatz picardie\" style=\"border-style:none;border-width:0px;border-top-left-radius:10px;border-top-right-radius:10px;border-bottom-left-radius:10px;border-bottom-right-radius:10px\"\/><\/figure>\n\n<p class=\"has-text-align-center has-custom-color-1-color has-text-color has-link-color has-unbounded-font-family wp-elements-6527d65a79d544105f2c7aa114e49b0c\" style=\"font-size:clamp(1.25rem, 1.25rem + ((1vw - 0.2rem) * 1.25), 2rem);line-height:1.1\">Sonderangebote<\/p>\n<\/a>\n<\/li><\/ul><\/div>\n<\/div>\n","protected":false},"excerpt":{"rendered":"<p>FAQ Camping Le Rompval: Antworten auf Ihre Fragen Entdecken Sie unsere Stellpl\u00e4tze, Mietunterk\u00fcnfte und Dienstleistungen<\/p>\n","protected":false},"author":1,"featured_media":7760,"parent":0,"menu_order":0,"comment_status":"closed","ping_status":"closed","template":"","meta":{"_seopress_robots_primary_cat":"","_seopress_titles_title":"FAQ Camping Le Rompval | Praktische Informationen f\u00fcr Ihren Aufenthalt","_seopress_titles_desc":"H\u00e4ufig gestellte Fragen 1. Wie kann ich einen Urlaub reservieren? 1.1 Auf www.camping-lerompval.com \u00dcber die blaue Suchleiste k\u00f6nnen Sie die Verf\u00fcgbarkeit und die Preise \u00fcberpr\u00fcfen: W\u00e4hlen Sie die gew\u00fcnschte Personenzahl W\u00e4hlen Sie zwischen \"Vermietung\" und \"Stellplatz\" W\u00e4hlen Sie Ihr Anreise- und Abreisedatum.  ","_seopress_robots_index":"","inline_featured_image":false,"gt_fse_maillage_image":"https:\/\/www.camping-lerompval.com\/wp-content\/uploads\/2026\/03\/faq-camping-rompval.jpg","gt_fse_maillage_titre":"H\u00e4ufig gestellte Fragen","gt_fse_maillage_alt":"Automatischer Entwurf","gt_fse_maillage_resume":"","footnotes":""},"categories":[],"tags":[],"class_list":["post-7759","page","type-page","status-publish","has-post-thumbnail","hentry"],"publishpress_future_action":{"enabled":false,"date":"2026-04-11 15:36:02","action":"change-status","newStatus":"draft","terms":[],"taxonomy":"category","extraData":[]},"publishpress_future_workflow_manual_trigger":{"enabledWorkflows":[]},"_links":{"self":[{"href":"https:\/\/www.camping-lerompval.com\/de\/wp-json\/wp\/v2\/pages\/7759","targetHints":{"allow":["GET"]}}],"collection":[{"href":"https:\/\/www.camping-lerompval.com\/de\/wp-json\/wp\/v2\/pages"}],"about":[{"href":"https:\/\/www.camping-lerompval.com\/de\/wp-json\/wp\/v2\/types\/page"}],"author":[{"embeddable":true,"href":"https:\/\/www.camping-lerompval.com\/de\/wp-json\/wp\/v2\/users\/1"}],"replies":[{"embeddable":true,"href":"https:\/\/www.camping-lerompval.com\/de\/wp-json\/wp\/v2\/comments?post=7759"}],"version-history":[{"count":5,"href":"https:\/\/www.camping-lerompval.com\/de\/wp-json\/wp\/v2\/pages\/7759\/revisions"}],"predecessor-version":[{"id":8092,"href":"https:\/\/www.camping-lerompval.com\/de\/wp-json\/wp\/v2\/pages\/7759\/revisions\/8092"}],"wp:featuredmedia":[{"embeddable":true,"href":"https:\/\/www.camping-lerompval.com\/de\/wp-json\/wp\/v2\/media\/7760"}],"wp:attachment":[{"href":"https:\/\/www.camping-lerompval.com\/de\/wp-json\/wp\/v2\/media?parent=7759"}],"wp:term":[{"taxonomy":"category","embeddable":true,"href":"https:\/\/www.camping-lerompval.com\/de\/wp-json\/wp\/v2\/categories?post=7759"},{"taxonomy":"post_tag","embeddable":true,"href":"https:\/\/www.camping-lerompval.com\/de\/wp-json\/wp\/v2\/tags?post=7759"}],"curies":[{"name":"wp","href":"https:\/\/api.w.org\/{rel}","templated":true}]}}